{"id":1832,"date":"2021-03-27T20:30:07","date_gmt":"2021-03-27T20:30:07","guid":{"rendered":"https:\/\/angele-art-connexion.com\/produit\/organic-fusion-copy"},"modified":"2021-08-16T21:58:07","modified_gmt":"2021-08-16T21:58:07","slug":"energetic-waves","status":"publish","type":"product","link":"https:\/\/angele-art-connexion.com\/en\/product\/energetic-waves","title":{"rendered":"Energetic Waves"},"content":{"rendered":"<p><span style=\"font-weight: 400;\">Energetic Waves &#8211; Rose poudr\u00e9<\/span><\/p>\n<p><span style=\"font-weight: 400;\">Ce premier tableau du triptyque \u00ab Energetic Waves \u00bb sonne le d\u00e9but d\u2019une belle journ\u00e9e. Comme la lueur qui appara\u00eet \u00e0 l&#8217;horizon un peu avant le lever du soleil, il \u00e9veille les consciences en douceur.\u00a0<\/span><\/p>\n<p><span style=\"font-weight: 400;\">Energetic Waves &#8211; Bleu mint<\/span><\/p>\n<p><span style=\"font-weight: 400;\">Deuxi\u00e8me tableau du triptyque \u00ab\u00a0Energetic Waves\u00a0\u00bb ouvre un volet de fra\u00eecheur dans notre journ\u00e9e. Ce bleu v\u00e9g\u00e9tal illumine l\u2019atmosph\u00e8re et apporte tout naturellement la s\u00e9r\u00e9nit\u00e9 dans notre int\u00e9rieur. \u00a0<\/span><\/p>\n<p><span style=\"font-weight: 400;\">Energetic Waves &#8211; Orange sunset<\/span><\/p>\n<p><span style=\"font-weight: 400;\">Troisi\u00e8me tableau du triptyque \u00ab\u00a0Energetic Waves\u00a0\u00bb finalise cette \u0153uvre sur une note ensoleill\u00e9e.\u00a0<\/span><\/p>\n<p><span style=\"font-weight: 400;\">La volupt\u00e9 de cet orange apporte un souffle de dynamisme et nous revitalise avec son rayonnement.\u00a0<\/span><\/p>\n<p><span style=\"font-weight: 400;\">Parfait pour une chambre, cr\u00e8che d\u2019enfant, spa salon bien \u00eatre, etc<\/span><\/p>\n<p><span style=\"font-weight: 400;\">Cr\u00e9\u00e9 le 10\/01\/2021 lors de l\u2019ouverture du portail \u00e9nerg\u00e9tique de la nouvelle ann\u00e9e.\u00a0<\/span><\/p>\n<p>&nbsp;<\/p>\n<p><span style=\"font-weight: 400;\">The edges of the painting are painted so no need to frame it. This painting is signed and accompanied by its certificate of authenticity.<\/span><\/p>\n<p>&nbsp;<\/p>\n<p><span style=\"font-weight: 400;\">Acrylic paint \u2013 Coton canvas<\/span><\/p>\n<p><span style=\"font-weight: 400;\">Taille : 1 tableau 40x50cm &#8211; triptyque 50x120cm<\/span><\/p>\n<p><span style=\"font-weight: 400;\">Taux vibratoire : 12 000 UB par tableau (unit\u00e9 de Bovis)<\/span><\/p>\n<p><span style=\"font-weight: 400;\">Cr\u00e9\u00e9 : 10\/01\/2021<\/span><\/p>\n<p>&nbsp;<\/p>\n<p><span style=\"font-size: 16px; -webkit-text-size-adjust: 100%;\">Do you want to acquire this painting? Contact me via this form.<\/span><\/p>\n<div class=\"wpforms-container wpforms-container-full\" id=\"wpforms-840\"><form id=\"wpforms-form-840\" class=\"wpforms-validate wpforms-form\" data-formid=\"840\" method=\"post\" enctype=\"multipart\/form-data\" action=\"\/en\/wp-json\/wp\/v2\/product\/1832\" data-token=\"87d6e4843037eae31a2166c9657d10dd\" data-trp-original-action=\"\/en\/wp-json\/wp\/v2\/product\/1832\"><noscript class=\"wpforms-error-noscript\">Please enable JavaScript in your browser to complete this form.<\/noscript><div class=\"wpforms-field-container\"><div id=\"wpforms-840-field_0-container\" class=\"wpforms-field wpforms-field-name\" data-field-id=\"0\"><label class=\"wpforms-field-label\" for=\"wpforms-840-field_0\">Name <span class=\"wpforms-required-label\">*<\/span><\/label><div class=\"wpforms-field-row wpforms-field-medium\"><div class=\"wpforms-field-row-block wpforms-first wpforms-one-half\"><input type=\"text\" id=\"wpforms-840-field_0\" class=\"wpforms-field-name-first wpforms-field-required\" name=\"wpforms[fields][0][first]\" required><label for=\"wpforms-840-field_0\" class=\"wpforms-field-sublabel after\">First<\/label><\/div><div class=\"wpforms-field-row-block wpforms-one-half\"><input type=\"text\" id=\"wpforms-840-field_0-last\" class=\"wpforms-field-name-last wpforms-field-required\" name=\"wpforms[fields][0][last]\" required><label for=\"wpforms-840-field_0-last\" class=\"wpforms-field-sublabel after\">Last<\/label><\/div><\/div><\/div><div id=\"wpforms-840-field_1-container\" class=\"wpforms-field wpforms-field-email\" data-field-id=\"1\"><label class=\"wpforms-field-label\" for=\"wpforms-840-field_1\">E-mail <span class=\"wpforms-required-label\">*<\/span><\/label><input type=\"email\" id=\"wpforms-840-field_1\" class=\"wpforms-field-medium wpforms-field-required\" name=\"wpforms[fields][1]\" required><\/div><div id=\"wpforms-840-field_2-container\" class=\"wpforms-field wpforms-field-textarea\" data-field-id=\"2\"><label class=\"wpforms-field-label\" for=\"wpforms-840-field_2\">Message <span class=\"wpforms-required-label\">*<\/span><\/label><textarea id=\"wpforms-840-field_2\" class=\"wpforms-field-medium wpforms-field-required\" name=\"wpforms[fields][2]\" required><\/textarea><\/div><\/div><div class=\"wpforms-submit-container\" ><input type=\"hidden\" name=\"wpforms[id]\" value=\"840\"><input type=\"hidden\" name=\"wpforms[author]\" value=\"1\"><button type=\"submit\" name=\"wpforms[submit]\" class=\"wpforms-submit\" id=\"wpforms-submit-840\" value=\"wpforms-submit\" aria-live=\"assertive\" data-alt-text=\"Envoi...\" data-submit-text=\"Envoyer\">Send<\/button><\/div><input type=\"hidden\" name=\"trp-form-language\" value=\"en\"\/><\/form><\/div>  <!-- .wpforms-container -->","protected":false},"excerpt":{"rendered":"<p><span style=\"font-weight: 400;\">Fluides et organiques, ce triptyque \u00ab\u00a0Energetic Waves\u00a0\u00bb diffuse une vibration harmonieuse de douceur.\u00a0<\/span><\/p>\n<p><span style=\"font-weight: 400;\">Au gr\u00e9 du vent, ces vagues \u00e9nerg\u00e9tiques se forment, se d\u00e9cha\u00eenent et se lib\u00e8rent sur ces plages de couleurs pastels.\u00a0<\/span><\/p>\n<p><span style=\"font-weight: 400;\">Assortiment de la d\u00e9licatesse du rose poudr\u00e9, de la fra\u00eecheur du bleu mint et du dynamisme de l\u2019orange sunset.\u00a0<\/span><\/p>\n<p><span style=\"font-weight: 400;\">Comme les trois phases d\u2019une journ\u00e9e, de l\u2019aurore au coucher du soleil, les couleurs m\u00e9tallis\u00e9es associ\u00e9es au gris anthracite dansent tout au long du jour.\u00a0<\/span><\/p>\n<p>&nbsp;<\/p>\n<p><strong style=\"font-size: 16px; -webkit-text-size-adjust: 100%;\">Available<\/strong><\/p>","protected":false},"featured_media":1828,"template":"","meta":[],"_links":{"self":[{"href":"https:\/\/angele-art-connexion.com\/en\/wp-json\/wp\/v2\/product\/1832"}],"collection":[{"href":"https:\/\/angele-art-connexion.com\/en\/wp-json\/wp\/v2\/product"}],"about":[{"href":"https:\/\/angele-art-connexion.com\/en\/wp-json\/wp\/v2\/types\/product"}],"wp:featuredmedia":[{"embeddable":true,"href":"https:\/\/angele-art-connexion.com\/en\/wp-json\/wp\/v2\/media\/1828"}],"wp:attachment":[{"href":"https:\/\/angele-art-connexion.com\/en\/wp-json\/wp\/v2\/media?parent=1832"}],"curies":[{"name":"wp","href":"https:\/\/api.w.org\/{rel}","templated":true}]}}