{"id":2066,"date":"2021-05-03T12:55:26","date_gmt":"2021-05-03T12:55:26","guid":{"rendered":"https:\/\/angele-art-connexion.com\/produit\/divine-angel-copy"},"modified":"2021-05-03T13:13:19","modified_gmt":"2021-05-03T13:13:19","slug":"mystic-fluid","status":"publish","type":"product","link":"https:\/\/angele-art-connexion.com\/en\/product\/mystic-fluid","title":{"rendered":"Mystic Fluid"},"content":{"rendered":"<p>The edges of the painting are painted so no need to frame it.<br \/>\nThis painting is signed and accompanied by its certificate of authenticity.<\/p>\n<p>Colors: <span style=\"font-weight: 400;\">Dark blue, white, grey, silver<\/span><span style=\"font-weight: 400;\">\u00a0<\/span>\u2800<br \/>\nS\u00e9rie : Symbiosis<\/p>\n<p>Acrylic paint \u2013 Coton canvas<br \/>\nSize: 40x50cm<br \/>\nVibration rate : 10 000 UB (unit Bovis)<br \/>\nCreated: 11<span style=\"font-weight: 400;\">\/02\/2021<\/span><br \/>\n\u2800<\/p>\n<p>Do you want to acquire this painting? Contact me via this form.<\/p>\n<div class=\"wpforms-container wpforms-container-full\" id=\"wpforms-840\"><form id=\"wpforms-form-840\" class=\"wpforms-validate wpforms-form\" data-formid=\"840\" method=\"post\" enctype=\"multipart\/form-data\" action=\"\/en\/wp-json\/wp\/v2\/product\/2066\" data-token=\"87d6e4843037eae31a2166c9657d10dd\" data-trp-original-action=\"\/en\/wp-json\/wp\/v2\/product\/2066\"><noscript class=\"wpforms-error-noscript\">Please enable JavaScript in your browser to complete this form.<\/noscript><div class=\"wpforms-field-container\"><div id=\"wpforms-840-field_0-container\" class=\"wpforms-field wpforms-field-name\" data-field-id=\"0\"><label class=\"wpforms-field-label\" for=\"wpforms-840-field_0\">Name <span class=\"wpforms-required-label\">*<\/span><\/label><div class=\"wpforms-field-row wpforms-field-medium\"><div class=\"wpforms-field-row-block wpforms-first wpforms-one-half\"><input type=\"text\" id=\"wpforms-840-field_0\" class=\"wpforms-field-name-first wpforms-field-required\" name=\"wpforms[fields][0][first]\" required><label for=\"wpforms-840-field_0\" class=\"wpforms-field-sublabel after\">First<\/label><\/div><div class=\"wpforms-field-row-block wpforms-one-half\"><input type=\"text\" id=\"wpforms-840-field_0-last\" class=\"wpforms-field-name-last wpforms-field-required\" name=\"wpforms[fields][0][last]\" required><label for=\"wpforms-840-field_0-last\" class=\"wpforms-field-sublabel after\">Last<\/label><\/div><\/div><\/div><div id=\"wpforms-840-field_1-container\" class=\"wpforms-field wpforms-field-email\" data-field-id=\"1\"><label class=\"wpforms-field-label\" for=\"wpforms-840-field_1\">E-mail <span class=\"wpforms-required-label\">*<\/span><\/label><input type=\"email\" id=\"wpforms-840-field_1\" class=\"wpforms-field-medium wpforms-field-required\" name=\"wpforms[fields][1]\" required><\/div><div id=\"wpforms-840-field_2-container\" class=\"wpforms-field wpforms-field-textarea\" data-field-id=\"2\"><label class=\"wpforms-field-label\" for=\"wpforms-840-field_2\">Message <span class=\"wpforms-required-label\">*<\/span><\/label><textarea id=\"wpforms-840-field_2\" class=\"wpforms-field-medium wpforms-field-required\" name=\"wpforms[fields][2]\" required><\/textarea><\/div><\/div><div class=\"wpforms-submit-container\" ><input type=\"hidden\" name=\"wpforms[id]\" value=\"840\"><input type=\"hidden\" name=\"wpforms[author]\" value=\"1\"><button type=\"submit\" name=\"wpforms[submit]\" class=\"wpforms-submit\" id=\"wpforms-submit-840\" value=\"wpforms-submit\" aria-live=\"assertive\" data-alt-text=\"Envoi...\" data-submit-text=\"Envoyer\">Send<\/button><\/div><input type=\"hidden\" name=\"trp-form-language\" value=\"en\"\/><\/form><\/div>  <!-- .wpforms-container -->","protected":false},"excerpt":{"rendered":"<p><span style=\"font-weight: 400;\">\u00ab\u00a0Follow the flow\u00a0\u00bb<\/span><\/p>\n<p><span style=\"font-weight: 400;\">In the depths of this mystical blue a flow of luminous colors flows smoothly.\u00a0<\/span><\/p>\n<p><span style=\"font-weight: 400;\">Created with the energy of the new moon in Aquarius.\u00a0<\/span><\/p>\n<p><span style=\"font-weight: 400;\">Aquarius is an air sign that releases energies and brings a feeling of freedom and renewal.  It awakens our creativity and initiates new possibilities thanks to its innovative and expansive energy.<\/span><\/p>\n<p><span style=\"font-weight: 400;\">This painting is\u00a0<\/span><span style=\"font-weight: 400;\">perfect for an office, living room, bedroom, bathroom, etc.\nPreferably have it near a light source (window or lamp) to bring out its shiny colors.<\/span><\/p>\n<p><span style=\"font-weight: 400;\">\u00c0 disposer de pr\u00e9f\u00e9rence proche d\u2019une source de lumi\u00e8re (fen\u00eatre ou \u00e9clairage) pour faire ressortir ses couleurs nacr\u00e9es.\u00a0<\/span><\/p>\n<p>&nbsp;<\/p>\n<p><strong>Available<\/strong><\/p>\n<div id=\"cookie-controls\">\n<p>&nbsp;<\/p>\n<\/div>","protected":false},"featured_media":2055,"template":"","meta":[],"_links":{"self":[{"href":"https:\/\/angele-art-connexion.com\/en\/wp-json\/wp\/v2\/product\/2066"}],"collection":[{"href":"https:\/\/angele-art-connexion.com\/en\/wp-json\/wp\/v2\/product"}],"about":[{"href":"https:\/\/angele-art-connexion.com\/en\/wp-json\/wp\/v2\/types\/product"}],"wp:featuredmedia":[{"embeddable":true,"href":"https:\/\/angele-art-connexion.com\/en\/wp-json\/wp\/v2\/media\/2055"}],"wp:attachment":[{"href":"https:\/\/angele-art-connexion.com\/en\/wp-json\/wp\/v2\/media?parent=2066"}],"curies":[{"name":"wp","href":"https:\/\/api.w.org\/{rel}","templated":true}]}}