{"id":2183,"date":"2021-06-03T09:26:45","date_gmt":"2021-06-03T09:26:45","guid":{"rendered":"https:\/\/angele-art-connexion.com\/?post_type=product&#038;p=2183"},"modified":"2021-07-29T15:03:48","modified_gmt":"2021-07-29T15:03:48","slug":"optimisme-primaire","status":"publish","type":"product","link":"https:\/\/angele-art-connexion.com\/en\/product\/optimisme-primaire","title":{"rendered":"Optimisme Primaire"},"content":{"rendered":"<p>The edges of the painting are painted so no need to frame it.<br \/>\nThis painting is signed and accompanied by its certificate of authenticity.<\/p>\n<p>Palette : Blanc, bleu, jaune, rouge, blanc nacr\u00e9, perle, dor\u00e9<\/p>\n<p>Serie : Way of Light<\/p>\n<p>Acrylic paint \u2013 Coton canvas<br \/>\nSize: 60x80cm<br \/>\nTaux vibratoire : 17 000 UB (unit\u00e9 de Bovis)<br \/>\nCr\u00e9\u00e9 : 21\/02\/2021<br \/>\n\u2800<\/p>\n<p>Do you want to acquire this painting? Contact me via this form.<\/p>\n<div class=\"wpforms-container wpforms-container-full\" id=\"wpforms-840\"><form id=\"wpforms-form-840\" class=\"wpforms-validate wpforms-form\" data-formid=\"840\" method=\"post\" enctype=\"multipart\/form-data\" action=\"\/en\/wp-json\/wp\/v2\/product\/2183\" data-token=\"87d6e4843037eae31a2166c9657d10dd\" data-trp-original-action=\"\/en\/wp-json\/wp\/v2\/product\/2183\"><noscript class=\"wpforms-error-noscript\">Please enable JavaScript in your browser to complete this form.<\/noscript><div class=\"wpforms-field-container\"><div id=\"wpforms-840-field_0-container\" class=\"wpforms-field wpforms-field-name\" data-field-id=\"0\"><label class=\"wpforms-field-label\" for=\"wpforms-840-field_0\">Name <span class=\"wpforms-required-label\">*<\/span><\/label><div class=\"wpforms-field-row wpforms-field-medium\"><div class=\"wpforms-field-row-block wpforms-first wpforms-one-half\"><input type=\"text\" id=\"wpforms-840-field_0\" class=\"wpforms-field-name-first wpforms-field-required\" name=\"wpforms[fields][0][first]\" required><label for=\"wpforms-840-field_0\" class=\"wpforms-field-sublabel after\">First<\/label><\/div><div class=\"wpforms-field-row-block wpforms-one-half\"><input type=\"text\" id=\"wpforms-840-field_0-last\" class=\"wpforms-field-name-last wpforms-field-required\" name=\"wpforms[fields][0][last]\" required><label for=\"wpforms-840-field_0-last\" class=\"wpforms-field-sublabel after\">Last<\/label><\/div><\/div><\/div><div id=\"wpforms-840-field_1-container\" class=\"wpforms-field wpforms-field-email\" data-field-id=\"1\"><label class=\"wpforms-field-label\" for=\"wpforms-840-field_1\">E-mail <span class=\"wpforms-required-label\">*<\/span><\/label><input type=\"email\" id=\"wpforms-840-field_1\" class=\"wpforms-field-medium wpforms-field-required\" name=\"wpforms[fields][1]\" required><\/div><div id=\"wpforms-840-field_2-container\" class=\"wpforms-field wpforms-field-textarea\" data-field-id=\"2\"><label class=\"wpforms-field-label\" for=\"wpforms-840-field_2\">Message <span class=\"wpforms-required-label\">*<\/span><\/label><textarea id=\"wpforms-840-field_2\" class=\"wpforms-field-medium wpforms-field-required\" name=\"wpforms[fields][2]\" required><\/textarea><\/div><\/div><div class=\"wpforms-submit-container\" ><input type=\"hidden\" name=\"wpforms[id]\" value=\"840\"><input type=\"hidden\" name=\"wpforms[author]\" value=\"1\"><button type=\"submit\" name=\"wpforms[submit]\" class=\"wpforms-submit\" id=\"wpforms-submit-840\" value=\"wpforms-submit\" aria-live=\"assertive\" data-alt-text=\"Envoi...\" data-submit-text=\"Envoyer\">Send<\/button><\/div><input type=\"hidden\" name=\"trp-form-language\" value=\"en\"\/><\/form><\/div>  <!-- .wpforms-container -->","protected":false},"excerpt":{"rendered":"<p><span style=\"font-size: 16px; -webkit-text-size-adjust: 100%;\">\u00ab\u00a0Don\u2019t worry, BE HAPPY!\u00a0\u00bb<\/span><\/p>\n<p><span style=\"font-weight: 400;\">Sur un fond blanc immacul\u00e9, ce tableau prend la forme d\u2019une flamme ardente de possibilit\u00e9.\u00a0<\/span><\/p>\n<p><span style=\"font-weight: 400;\">En son centre la lumi\u00e8re sacr\u00e9e est repr\u00e9sent\u00e9e par des m\u00e9andres: blanc perle iris\u00e9.\u00a0<\/span><\/p>\n<p><span style=\"font-weight: 400;\">Ouverte \u00e0 la d\u00e9couverte et \u00e0 l\u2019exp\u00e9rimentation dans cette s\u00e9rie \u00ab\u00a0Way of Light\u00a0\u00bb j\u2019ai travaill\u00e9 les couleurs primaires: Bleu, Rouge, Jaune, celles qui sont \u00e0 l\u2019origine de toutes les possibilit\u00e9s.\u00a0<\/span><\/p>\n<p><span style=\"font-size: 12pt;\"><span style=\"font-weight: 400;\">Merveilleuse surprise,\u00a0<\/span><span style=\"-webkit-text-size-adjust: 100%;\">les couleurs primaires en s\u00e9chant se sont mix\u00e9es pour faire appara\u00eetre les couleurs secondaires Orange, Vert, Violet.\u00a0<\/span><\/span><\/p>\n<p><span style=\"font-weight: 400;\">Peu importe ce qu\u2019il arrive, c\u2019est pour le meilleur!<\/span><\/p>\n<p><span style=\"font-weight: 400;\">Cette cr\u00e9ation diffuse une vibration d\u2019optimisme, d\u2019audace et de l\u00e2cher prise.\u00a0<\/span><\/p>\n<p><span style=\"font-weight: 400;\">Ce tableau ira parfaitement dans un bureau, salle de r\u00e9union, entr\u00e9e, salon, etc<\/span><\/p>\n<p>&nbsp;<\/p>\n<p><span style=\"font-size: 12pt;\"><strong>Available<\/strong><\/span><\/p>\n<div id=\"cookie-controls\">\n<p>&nbsp;<\/p>\n<\/div>","protected":false},"featured_media":1966,"template":"","meta":[],"_links":{"self":[{"href":"https:\/\/angele-art-connexion.com\/en\/wp-json\/wp\/v2\/product\/2183"}],"collection":[{"href":"https:\/\/angele-art-connexion.com\/en\/wp-json\/wp\/v2\/product"}],"about":[{"href":"https:\/\/angele-art-connexion.com\/en\/wp-json\/wp\/v2\/types\/product"}],"wp:featuredmedia":[{"embeddable":true,"href":"https:\/\/angele-art-connexion.com\/en\/wp-json\/wp\/v2\/media\/1966"}],"wp:attachment":[{"href":"https:\/\/angele-art-connexion.com\/en\/wp-json\/wp\/v2\/media?parent=2183"}],"curies":[{"name":"wp","href":"https:\/\/api.w.org\/{rel}","templated":true}]}}