{"id":2246,"date":"2021-06-03T12:13:37","date_gmt":"2021-06-03T12:13:37","guid":{"rendered":"https:\/\/angele-art-connexion.com\/?post_type=product&#038;p=2246"},"modified":"2021-06-03T12:21:55","modified_gmt":"2021-06-03T12:21:55","slug":"idylle","status":"publish","type":"product","link":"https:\/\/angele-art-connexion.com\/en\/product\/idylle","title":{"rendered":"Idylle"},"content":{"rendered":"<p>The edges of the painting are painted so no need to frame it.<br \/>\nThis painting is signed and accompanied by its certificate of authenticity.<\/p>\n<p>Palette : Bleu pastel nacr\u00e9, blanc nacr\u00e9, gris anthracite, argent\u00e9, blanc perle<\/p>\n<p>S\u00e9rie : Divine Line<\/p>\n<p>Peinture Acrylique \u2013 Toile Lin<br \/>\nTaille : 50x65cm<br \/>\nTaux vibratoire :\u00a0 UB (unit\u00e9 de Bovis)<br \/>\nCr\u00e9\u00e9 : 01\/\/05\/2021<br \/>\n\u2800<\/p>\n<p>Do you want to acquire this painting? Contact me via this form.<\/p>\n<div class=\"wpforms-container wpforms-container-full\" id=\"wpforms-840\"><form id=\"wpforms-form-840\" class=\"wpforms-validate wpforms-form\" data-formid=\"840\" method=\"post\" enctype=\"multipart\/form-data\" action=\"\/en\/wp-json\/wp\/v2\/product\/2246\" data-token=\"87d6e4843037eae31a2166c9657d10dd\" data-trp-original-action=\"\/en\/wp-json\/wp\/v2\/product\/2246\"><noscript class=\"wpforms-error-noscript\">Please enable JavaScript in your browser to complete this form.<\/noscript><div class=\"wpforms-field-container\"><div id=\"wpforms-840-field_0-container\" class=\"wpforms-field wpforms-field-name\" data-field-id=\"0\"><label class=\"wpforms-field-label\" for=\"wpforms-840-field_0\">Name <span class=\"wpforms-required-label\">*<\/span><\/label><div class=\"wpforms-field-row wpforms-field-medium\"><div class=\"wpforms-field-row-block wpforms-first wpforms-one-half\"><input type=\"text\" id=\"wpforms-840-field_0\" class=\"wpforms-field-name-first wpforms-field-required\" name=\"wpforms[fields][0][first]\" required><label for=\"wpforms-840-field_0\" class=\"wpforms-field-sublabel after\">First<\/label><\/div><div class=\"wpforms-field-row-block wpforms-one-half\"><input type=\"text\" id=\"wpforms-840-field_0-last\" class=\"wpforms-field-name-last wpforms-field-required\" name=\"wpforms[fields][0][last]\" required><label for=\"wpforms-840-field_0-last\" class=\"wpforms-field-sublabel after\">Last<\/label><\/div><\/div><\/div><div id=\"wpforms-840-field_1-container\" class=\"wpforms-field wpforms-field-email\" data-field-id=\"1\"><label class=\"wpforms-field-label\" for=\"wpforms-840-field_1\">E-mail <span class=\"wpforms-required-label\">*<\/span><\/label><input type=\"email\" id=\"wpforms-840-field_1\" class=\"wpforms-field-medium wpforms-field-required\" name=\"wpforms[fields][1]\" required><\/div><div id=\"wpforms-840-field_2-container\" class=\"wpforms-field wpforms-field-textarea\" data-field-id=\"2\"><label class=\"wpforms-field-label\" for=\"wpforms-840-field_2\">Message <span class=\"wpforms-required-label\">*<\/span><\/label><textarea id=\"wpforms-840-field_2\" class=\"wpforms-field-medium wpforms-field-required\" name=\"wpforms[fields][2]\" required><\/textarea><\/div><\/div><div class=\"wpforms-submit-container\" ><input type=\"hidden\" name=\"wpforms[id]\" value=\"840\"><input type=\"hidden\" name=\"wpforms[author]\" value=\"1\"><button type=\"submit\" name=\"wpforms[submit]\" class=\"wpforms-submit\" id=\"wpforms-submit-840\" value=\"wpforms-submit\" aria-live=\"assertive\" data-alt-text=\"Envoi...\" data-submit-text=\"Envoyer\">Send<\/button><\/div><input type=\"hidden\" name=\"trp-form-language\" value=\"en\"\/><\/form><\/div>  <!-- .wpforms-container -->","protected":false},"excerpt":{"rendered":"<p>&nbsp;<\/p>\n<p><span style=\"font-size: 12pt;\"><strong>Available<\/strong><\/span><\/p>\n<div id=\"cookie-controls\">\n<p>&nbsp;<\/p>\n<\/div>","protected":false},"featured_media":2121,"template":"","meta":[],"_links":{"self":[{"href":"https:\/\/angele-art-connexion.com\/en\/wp-json\/wp\/v2\/product\/2246"}],"collection":[{"href":"https:\/\/angele-art-connexion.com\/en\/wp-json\/wp\/v2\/product"}],"about":[{"href":"https:\/\/angele-art-connexion.com\/en\/wp-json\/wp\/v2\/types\/product"}],"wp:featuredmedia":[{"embeddable":true,"href":"https:\/\/angele-art-connexion.com\/en\/wp-json\/wp\/v2\/media\/2121"}],"wp:attachment":[{"href":"https:\/\/angele-art-connexion.com\/en\/wp-json\/wp\/v2\/media?parent=2246"}],"curies":[{"name":"wp","href":"https:\/\/api.w.org\/{rel}","templated":true}]}}